{"id":5722,"date":"2025-08-24T14:24:02","date_gmt":"2025-08-24T14:24:02","guid":{"rendered":"https:\/\/loudave.com\/video-promocio\/"},"modified":"2025-11-01T18:40:08","modified_gmt":"2025-11-01T18:40:08","slug":"video-promocio","status":"publish","type":"page","link":"https:\/\/loudave.com\/hu\/video-promocio\/","title":{"rendered":"Video prom\u00f3ci\u00f3"},"content":{"rendered":"\t\t<div data-elementor-type=\"wp-page\" data-elementor-id=\"5722\" class=\"elementor elementor-5722 elementor-5029\">\n\t\t\t\t<div class=\"e-con-gap-no elementor-element elementor-element-6ae43bd e-flex e-con-boxed sc_layouts_column_icons_position_left e-con e-parent\" data-id=\"6ae43bd\" data-element_type=\"container\" data-e-type=\"container\">\n\t\t\t\t\t<div class=\"e-con-inner\">\n\t\t\t\t\t<\/div>\n\t\t\t\t<\/div>\n\t\t<div class=\"elementor-element elementor-element-7a8f1e2 e-flex e-con-boxed sc_layouts_column_icons_position_left e-con e-parent\" data-id=\"7a8f1e2\" data-element_type=\"container\" data-e-type=\"container\">\n\t\t\t\t\t<div class=\"e-con-inner\">\n\t\t<div class=\"e-con-gap-no elementor-element elementor-element-41039a1 e-con-full e-flex sc_layouts_column_icons_position_left e-con e-child\" data-id=\"41039a1\" data-element_type=\"container\" data-e-type=\"container\">\n\t\t\t\t<\/div>\n\t\t<div class=\"elementor-element elementor-element-a66bf53 e-con-full e-flex sc_layouts_column_icons_position_left e-con e-child\" data-id=\"a66bf53\" data-element_type=\"container\" data-e-type=\"container\">\n\t\t\t\t<div data-animation-type=\"block\" class=\"elementor-element elementor-element-4a72e3c0 trx-addons-animate animation_type_block sc_fly_static elementor-invisible elementor-widget elementor-widget-trx_elm_advanced_title\" data-id=\"4a72e3c0\" data-element_type=\"widget\" data-e-type=\"widget\" data-settings=\"{&quot;_animation&quot;:&quot;ta_fadeinup&quot;,&quot;_animation_delay&quot;:100}\" data-widget_type=\"trx_elm_advanced_title.default\">\n\t\t\t\t<div class=\"elementor-widget-container\">\n\t\t\t\t\t<h3 class=\"trx-addons-advanced-title\" style=\"--var-trx-addons-advanced-title-highlight-animation-duration: 2000ms;\">\n<span class=\"trx-addons-advanced-title-item trx-addons-advanced-title-item-text elementor-repeater-item-ef6c3ee\">Ez a vide\u00f3 csak 2 perc!<\/span>\n<span class=\"trx-addons-advanced-title-item trx-addons-advanced-title-item-text elementor-repeater-item-f6f3762 trx-addons-advanced-title-item-bg-as-text\">- \u00e9s a v\u00e9g\u00e9n megkapod a saj\u00e1t aj\u00e1nlatod. N\u00e9zd meg most!<\/span><\/h3>\t\t\t\t<\/div>\n\t\t\t\t<\/div>\n\t\t\t\t<div data-animation-type=\"block\" class=\"elementor-element elementor-element-28a3f41c animation_type_block sc_fly_static elementor-invisible elementor-widget elementor-widget-heading\" data-id=\"28a3f41c\" data-element_type=\"widget\" data-e-type=\"widget\" data-settings=\"{&quot;_animation&quot;:&quot;ta_fadeinup&quot;}\" data-widget_type=\"heading.default\">\n\t\t\t\t<div class=\"elementor-widget-container\">\n\t\t\t\t\t<h4 class=\"elementor-heading-title elementor-size-default\">A vide\u00f3 v\u00e9g\u00e9n olyan kedvezm\u00e9nyt kapsz, ami kifejezetten neked sz\u00f3l.<\/h4>\t\t\t\t<\/div>\n\t\t\t\t<\/div>\n\t\t\t\t<div data-animation-type=\"block\" class=\"elementor-element elementor-element-e98f27c trx-addons-animate animation_type_block sc_fly_static elementor-invisible elementor-widget elementor-widget-trx_elm_advanced_title\" data-id=\"e98f27c\" data-element_type=\"widget\" data-e-type=\"widget\" data-settings=\"{&quot;_animation&quot;:&quot;ta_fadeinup&quot;,&quot;_animation_delay&quot;:100}\" data-widget_type=\"trx_elm_advanced_title.default\">\n\t\t\t\t<div class=\"elementor-widget-container\">\n\t\t\t\t\t<h4 class=\"trx-addons-advanced-title\" style=\"--var-trx-addons-advanced-title-highlight-animation-duration: 2000ms;\">\n<span class=\"trx-addons-advanced-title-item trx-addons-advanced-title-item-text elementor-repeater-item-ef6c3ee\">K\u00e9szen \u00e1llsz?<\/span>\n<span class=\"trx-addons-advanced-title-item trx-addons-advanced-title-item-text elementor-repeater-item-f6f3762 trx-addons-advanced-title-item-bg-as-text\">Kattints a vide\u00f3ra!<\/span><\/h4>\t\t\t\t<\/div>\n\t\t\t\t<\/div>\n\t\t\t\t<\/div>\n\t\t<div class=\"e-con-gap-no elementor-element elementor-element-98a0d6f e-con-full e-flex sc_layouts_column_icons_position_left e-con e-child\" data-id=\"98a0d6f\" data-element_type=\"container\" data-e-type=\"container\">\n\t\t\t\t<\/div>\n\t\t\t\t\t<\/div>\n\t\t\t\t<\/div>\n\t\t<div class=\"elementor-element elementor-element-617f802 e-flex e-con-boxed sc_layouts_column_icons_position_left e-con e-parent\" data-id=\"617f802\" data-element_type=\"container\" data-e-type=\"container\">\n\t\t\t\t\t<div class=\"e-con-inner\">\n\t\t\t\t<div class=\"elementor-element elementor-element-4a533b80 sc_fly_static elementor-widget elementor-widget-html\" data-id=\"4a533b80\" data-element_type=\"widget\" data-e-type=\"widget\" id=\"video\" data-widget_type=\"html.default\">\n\t\t\t\t<div class=\"elementor-widget-container\">\n\t\t\t\t\t<div id=\"wpfp_1\" data-item=\"{&quot;sources&quot;:[{&quot;src&quot;:&quot;https:\\\/\\\/vz-3cb730bd-cdb.b-cdn.net\\\/e4b1c569-4fd0-4529-8616-b725fa1ff2cc\\\/playlist.m3u8&quot;,&quot;type&quot;:&quot;application\\\/x-mpegurl&quot;}],&quot;id&quot;:&quot;1&quot;,&quot;splash&quot;:&quot;https:\\\/\\\/loudave.com\\\/wp-content\\\/uploads\\\/2025\\\/09\\\/e4b1c569-4fd0-4529-8616-b725fa1ff2cc-2.jpg&quot;,&quot;duration&quot;:134}\" class=\"freedomplayer flowplayer no-brand is-splash is-paused skin-slim fp-slim fp-edgy no-controlbar\" style=\"position:relative; max-width: 480px; max-height: 854.928px; \" data-ratio=\"1.7811\" data-popup=\"{&quot;html&quot;:&quot;\\u003Cdiv class=\\u0022fv_player_popup fv_player_popup-2 wpfp_custom_popup_content\\u0022\\u003E\\u003Cdiv class=\\u0022popup-content\\u0022\\u003E\\r\\n  \\u003Ch3\\u003EK\\u00f6sz\\u00f6nj\\u00fck, hogy v\\u00e9gign\\u00e9zted a vide\\u00f3t!\\u003C\\\/h3\\u003E\\r\\n  \\u003Cp\\u003EKattints a kapcsolatfelv\\u00e9teli form-hoz!\\u003C\\\/p\\u003E\\r\\n  \\u003Ca href=\\u0022https:\\\/\\\/loudave.com\\\/hu\\\/black-friday-akcio\\\/\\u0022 class=\\u0022cta-button\\u0022\\u003EMUTASD!\\u003C\\\/a\\u003E\\r\\n\\u003C\\\/div\\u003E\\u003C\\\/div\\u003E&quot;,&quot;pause&quot;:false}\" data-fv_stats_data=\"{&quot;player_id&quot;:&quot;1&quot;,&quot;post_id&quot;:5722}\" data-lms_teaching=\"1\">\n\t<div class=\"fp-ratio\" style=\"padding-top: 178.11%\"><\/div>\n\t<img decoding=\"async\" style=\"position:absolute;top:0;left:0;width:100%\" class=\"fp-splash\" alt=\"video\" src=\"https:\/\/loudave.com\/wp-content\/uploads\/2025\/09\/e4b1c569-4fd0-4529-8616-b725fa1ff2cc-2.jpg\" \/>\n\t<div class=\"fp-ui\" style=\"position:absolute\"><noscript>Please enable JavaScript<\/noscript><div class=\"fp-play fp-visible\"><svg class=\"fp-play-sharp-fill\" xmlns=\"http:\/\/www.w3.org\/2000\/svg\" viewBox=\"0 0 100 100\"><defs><style>.fp-color-play{opacity:0.65;}.controlbutton{fill:#fff;}<\/style><\/defs><title>play-sharp-fill<\/title><path class=\"fp-color-play\" d=\"M49.9217-.078a50,50,0,1,0,50,50A50.0564,50.0564,0,0,0,49.9217-.078Z\"\/><polygon class=\"controlbutton\" points=\"73.601 50 37.968 70.573 37.968 29.427 73.601 50\" filter=\"url(#f1)\"\/><\/svg><\/div><\/div>\n\n<\/div>\n\t\t\t\t<\/div>\n\t\t\t\t<\/div>\n\t\t\t\t\t<\/div>\n\t\t\t\t<\/div>\n\t\t<div class=\"elementor-element elementor-element-34f981e e-flex e-con-boxed sc_layouts_column_icons_position_left e-con e-parent\" data-id=\"34f981e\" data-element_type=\"container\" data-e-type=\"container\">\n\t\t\t\t\t<div class=\"e-con-inner\">\n\t\t<div class=\"e-con-gap-no elementor-element elementor-element-f9ffbab e-con-full e-flex sc_layouts_column_icons_position_left e-con e-child\" data-id=\"f9ffbab\" data-element_type=\"container\" data-e-type=\"container\">\n\t\t\t\t<\/div>\n\t\t<div class=\"elementor-element elementor-element-20efbfd e-con-full e-flex sc_layouts_column_icons_position_left e-con e-child\" data-id=\"20efbfd\" data-element_type=\"container\" data-e-type=\"container\">\n\t\t\t\t<div class=\"elementor-element elementor-element-a4868df sc_fly_static elementor-widget elementor-widget-trx_sc_button\" data-id=\"a4868df\" data-element_type=\"widget\" data-e-type=\"widget\" data-widget_type=\"trx_sc_button.default\">\n\t\t\t\t<div class=\"elementor-widget-container\">\n\t\t\t\t\t<div\tclass=\"sc_item_button sc_button_wrap sc_align_center\" ><a href=\"https:\/\/loudave.com\/hu\/black-friday-akcio\/\" class=\"sc_button sc_button_default sc_button_size_normal sc_button_icon_left\" ><span class=\"sc_button_text\"><span class=\"sc_button_title\">Megn\u00e9zem az aj\u00e1nlatokat!<\/span><\/span><\/a><\/div>\t\t\t\t<\/div>\n\t\t\t\t<\/div>\n\t\t\t\t<\/div>\n\t\t<div class=\"e-con-gap-no elementor-element elementor-element-c92e082 e-con-full e-flex sc_layouts_column_icons_position_left e-con e-child\" data-id=\"c92e082\" data-element_type=\"container\" data-e-type=\"container\">\n\t\t\t\t<\/div>\n\t\t\t\t\t<\/div>\n\t\t\t\t<\/div>\n\t\t<div class=\"elementor-element elementor-element-23c752c e-flex e-con-boxed sc_layouts_column_icons_position_left e-con e-parent\" data-id=\"23c752c\" data-element_type=\"container\" data-e-type=\"container\">\n\t\t\t\t\t<div class=\"e-con-inner\">\n\t\t<div class=\"e-con-gap-no elementor-element elementor-element-64af77e e-con-full e-flex sc_layouts_column_icons_position_left e-con e-child\" data-id=\"64af77e\" data-element_type=\"container\" data-e-type=\"container\">\n\t\t\t\t<\/div>\n\t\t<div class=\"elementor-element elementor-element-0e6a0e9 e-con-full e-flex sc_layouts_column_icons_position_left e-con e-child\" data-id=\"0e6a0e9\" data-element_type=\"container\" data-e-type=\"container\">\n\t\t\t\t<div class=\"elementor-element elementor-element-d5cacee sc_fly_static elementor-widget elementor-widget-image\" data-id=\"d5cacee\" data-element_type=\"widget\" data-e-type=\"widget\" data-widget_type=\"image.default\">\n\t\t\t\t<div class=\"elementor-widget-container\">\n\t\t\t\t\t\t\t\t\t\t\t\t\t\t\t\t<a href=\"https:\/\/loudave.com\/hu\/black-friday-akcio\/\">\n\t\t\t\t\t\t\t<img fetchpriority=\"high\" decoding=\"async\" width=\"819\" height=\"1024\" src=\"https:\/\/loudave.com\/wp-content\/uploads\/2025\/11\/Black-Friday-akcio-by-LOUDave-819x1024.jpg\" class=\"attachment-large size-large wp-image-7317\" alt=\"\" srcset=\"https:\/\/loudave.com\/wp-content\/uploads\/2025\/11\/Black-Friday-akcio-by-LOUDave-819x1024.jpg 819w, https:\/\/loudave.com\/wp-content\/uploads\/2025\/11\/Black-Friday-akcio-by-LOUDave-240x300.jpg 240w, https:\/\/loudave.com\/wp-content\/uploads\/2025\/11\/Black-Friday-akcio-by-LOUDave-768x960.jpg 768w, https:\/\/loudave.com\/wp-content\/uploads\/2025\/11\/Black-Friday-akcio-by-LOUDave-370x463.jpg 370w, https:\/\/loudave.com\/wp-content\/uploads\/2025\/11\/Black-Friday-akcio-by-LOUDave-924x1155.jpg 924w, https:\/\/loudave.com\/wp-content\/uploads\/2025\/11\/Black-Friday-akcio-by-LOUDave-410x513.jpg 410w, https:\/\/loudave.com\/wp-content\/uploads\/2025\/11\/Black-Friday-akcio-by-LOUDave.jpg 1080w\" sizes=\"(max-width: 819px) 100vw, 819px\" \/>\t\t\t\t\t\t\t\t<\/a>\n\t\t\t\t\t\t\t\t\t\t\t\t\t\t\t<\/div>\n\t\t\t\t<\/div>\n\t\t\t\t<\/div>\n\t\t<div class=\"e-con-gap-no elementor-element elementor-element-e880710 e-con-full e-flex sc_layouts_column_icons_position_left e-con e-child\" data-id=\"e880710\" data-element_type=\"container\" data-e-type=\"container\">\n\t\t\t\t<\/div>\n\t\t\t\t\t<\/div>\n\t\t\t\t<\/div>\n\t\t<div class=\"elementor-element elementor-element-3b128fc0 e-flex e-con-boxed sc_layouts_column_icons_position_left e-con e-parent\" data-id=\"3b128fc0\" data-element_type=\"container\" data-e-type=\"container\">\n\t\t\t\t\t<div class=\"e-con-inner\">\n\t\t<div class=\"e-con-gap-no elementor-element elementor-element-5ff17673 e-con-full e-flex sc_layouts_column_icons_position_left e-con e-child\" data-id=\"5ff17673\" data-element_type=\"container\" data-e-type=\"container\">\n\t\t\t\t<\/div>\n\t\t<div class=\"elementor-element elementor-element-7cd22f6b e-con-full e-flex sc_layouts_column_icons_position_left e-con e-child\" data-id=\"7cd22f6b\" data-element_type=\"container\" data-e-type=\"container\">\n\t\t\t\t<div class=\"elementor-element elementor-element-a649938 sc_fly_static elementor-widget elementor-widget-html\" data-id=\"a649938\" data-element_type=\"widget\" data-e-type=\"widget\" data-widget_type=\"html.default\">\n\t\t\t\t<div class=\"elementor-widget-container\">\n\t\t\t\t\t<div class=\"mf-form-shortcode\">\r\n\t\t<div\r\n\t\t\tid=\"metform-wrap-5188-5188\"\r\n\t\t\tclass=\"mf-form-wrapper\"\r\n\t\t\tdata-form-id=\"5188\"\r\n\t\t\tdata-action=\"https:\/\/loudave.com\/hu\/wp-json\/metform\/v1\/entries\/insert\/5188\"\r\n\t\t\tdata-wp-nonce=\"6480c9aaa3\"\r\n\t\t\tdata-form-nonce=\"d57d68988e\"\r\n\t\t\tdata-quiz-summery = \"false\"\r\n\t\t\tdata-save-progress = \"false\"\r\n\t\t\tdata-form-type=\"general-form\"\r\n\t\t\tdata-stop-vertical-effect=\"\"\r\n\t\t\t><\/div>\r\n\r\n\r\n\t\t<!----------------------------- \r\n\t\t\t* controls_data : find the the props passed indie of data attribute\r\n\t\t\t* props.SubmitResponseMarkup : contains the markup of error or success message\r\n\t\t\t* https:\/\/developer.mozilla.org\/en-US\/docs\/Web\/JavaScript\/Reference\/Template_literals\r\n\t\t--------------------------- -->\r\n\r\n\t\t\t\t<script type=\"text\/mf\" class=\"mf-template\">\r\n\t\t\tfunction controls_data (value){\r\n\t\t\t\tlet currentWrapper = \"mf-response-props-id-5188\";\r\n\t\t\t\tlet currentEl = document.getElementById(currentWrapper);\r\n\t\t\t\t\r\n\t\t\t\treturn currentEl ? currentEl.dataset[value] : false\r\n\t\t\t}\r\n\r\n\r\n\t\t\tlet is_edit_mode = '' ? true : false;\r\n\t\t\tlet message_position = controls_data('messageposition') || 'top';\r\n\r\n\t\t\t\r\n\t\t\tlet message_successIcon = controls_data('successicon') || '';\r\n\t\t\tlet message_errorIcon = controls_data('erroricon') || '';\r\n\t\t\tlet message_editSwitch = controls_data('editswitchopen') === 'yes' ? true : false;\r\n\t\t\tlet message_proClass = controls_data('editswitchopen') === 'yes' ? 'mf_pro_activated' : '';\r\n\t\t\t\r\n\t\t\tlet is_dummy_markup = is_edit_mode && message_editSwitch ? true : false;\r\n\r\n\t\t\t\r\n\t\t\treturn html`\r\n\t\t\t\t<form\r\n\t\t\t\t\tclassName=\"metform-form-content\"\r\n\t\t\t\t\tref=${parent.formContainerRef}\r\n\t\t\t\t\tonSubmit=${ validation.handleSubmit( parent.handleFormSubmit ) }\r\n\t\t\t\t\r\n\t\t\t\t\t>\r\n\t\t\t\r\n\t\t\t\r\n\t\t\t\t\t${is_dummy_markup ? message_position === 'top' ?  props.ResponseDummyMarkup(message_successIcon, message_proClass) : '' : ''}\r\n\t\t\t\t\t${is_dummy_markup ? ' ' :  message_position === 'top' ? props.SubmitResponseMarkup`${parent}${state}${message_successIcon}${message_errorIcon}${message_proClass}` : ''}\r\n\r\n\t\t\t\t\t<!--------------------------------------------------------\r\n\t\t\t\t\t*** IMPORTANT \/ DANGEROUS ***\r\n\t\t\t\t\t${html``} must be used as in immediate child of \"metform-form-main-wrapper\"\r\n\t\t\t\t\tclass otherwise multistep form will not run at all\r\n\t\t\t\t\t---------------------------------------------------------->\r\n\r\n\t\t\t\t\t<div className=\"metform-form-main-wrapper\" key=${'hide-form-after-submit'} ref=${parent.formRef}>\r\n\t\t\t\t\t${html`\r\n\t\t\t\t\t\t\t\t<div data-elementor-type=\"wp-post\" key=\"2\" data-elementor-id=\"5188\" className=\"elementor elementor-5188\">\n\t\t\t\t<div className=\"elementor-element elementor-element-aa3d1a2 e-flex e-con-boxed sc_layouts_column_icons_position_left e-con e-parent\" data-id=\"aa3d1a2\" data-element_type=\"container\" data-e-type=\"container\">\n\t\t\t\t\t<div className=\"e-con-inner\">\n\t\t\t\t<div className=\"elementor-element elementor-element-1c257d8 sc_fly_static elementor-widget elementor-widget-heading\" data-id=\"1c257d8\" data-element_type=\"widget\" data-e-type=\"widget\" data-widget_type=\"heading.default\">\n\t\t\t\t<div className=\"elementor-widget-container\">\n\t\t\t\t\t<h3 className=\"elementor-heading-title elementor-size-default\">Val\u00f3di strat\u00e9gi\u00e1k az online sikerhez. Csatlakozom a h\u00edrlev\u00e9lhez!<\/h3>\t\t\t\t<\/div>\n\t\t\t\t<\/div>\n\t\t\t\t\t<\/div>\n\t\t\t\t<\/div>\n\t\t<div className=\"elementor-element elementor-element-2b500c3 e-flex e-con-boxed sc_layouts_column_icons_position_left e-con e-parent\" data-id=\"2b500c3\" data-element_type=\"container\" data-e-type=\"container\">\n\t\t\t\t\t<div className=\"e-con-inner\">\n\t\t\t\t<div className=\"elementor-element elementor-element-5f7e78f sc_fly_static elementor-widget elementor-widget-mf-listing-lname\" data-id=\"5f7e78f\" data-element_type=\"widget\" data-e-type=\"widget\" data-settings=\"{&quot;mf_input_name&quot;:&quot;full_name&quot;,&quot;mf_input_get_params_enable&quot;:&quot;no&quot;}\" data-widget_type=\"mf-listing-lname.default\">\n\t\t\t\t<div className=\"elementor-widget-container\">\n\t\t\t\t\t\n\t\t<div className=\"mf-input-wrapper\">\n\t\t\t\t\t\t\t<label className=\"mf-input-label\" htmlFor=\"mf-input-text-5f7e78f\">\n\t\t\t\t\t${ parent.decodeEntities(`N\u00e9v`) } \t\t\t\t\t<span className=\"mf-input-required-indicator\">*<\/span>\n\t\t\t\t<\/label>\n\t\t\t\n\t\t\t<input type=\"text\" className=\"mf-input \" id=\"mf-input-text-5f7e78f\" \n\t\t\t\tname=\"full_name\" \n\t\t\t\tplaceholder=\"${ parent.decodeEntities(`N\u00e9v`) } \"\n\t\t\t\tonInput=${ parent.handleChange }\t\n\n\t\t\t\t\t\t\t\t\taria-invalid=${validation.errors['full_name'] ? 'true' : 'false'}\n\t\t\t\t\tref=${ el => parent.activateValidation({\"message\":\"This field is required.\",\"minLength\":1,\"maxLength\":\"\",\"type\":\"none\",\"required\":true,\"expression\":\"null\"}, el) }\n\t\t\t\t\t\t\t\t\n\t\t\t\/>\n\n\t\t\t\t\t\t\t<${validation.ErrorMessage}\n\t\t\t\t\terrors=${validation.errors}\n\t\t\t\t\tname=\"full_name\"\n\t\t\t\t\tas=${html`<span className=\"mf-error-message\"><\/span>`}\n\t\t\t\t\t\/>\n\t\t\t\n\t\t\t\t\t\t\t<\/div>\n\n\t\t\t\t\t\t<\/div>\n\t\t\t\t<\/div>\n\t\t\t\t<div className=\"elementor-element elementor-element-ed8e7c8 sc_fly_static elementor-widget elementor-widget-mf-email\" data-id=\"ed8e7c8\" data-element_type=\"widget\" data-e-type=\"widget\" data-settings=\"{&quot;mf_input_name&quot;:&quot;email&quot;,&quot;mf_input_get_params_enable&quot;:&quot;no&quot;}\" data-widget_type=\"mf-email.default\">\n\t\t\t\t<div className=\"elementor-widget-container\">\n\t\t\t\t\t\r\n\t\t<div className=\"mf-input-wrapper\">\r\n\t\t\t\t\t\t\t<label className=\"mf-input-label\" htmlFor=\"mf-input-email-ed8e7c8\">\r\n\t\t\t\t\t${ parent.decodeEntities(`Email`) } \t\t\t\t\t<span className=\"mf-input-required-indicator\">*<\/span>\r\n\t\t\t\t<\/label>\r\n\t\t\t\r\n\t\t\t<input \r\n\t\t\t\ttype=\"email\" \r\n\t\t\t\t \r\n\t\t\t\tdefaultValue=\"\" \r\n\t\t\t\tclassName=\"mf-input \" \r\n\t\t\t\tid=\"mf-input-email-ed8e7c8\" \r\n\t\t\t\tname=\"email\" \r\n\t\t\t\tplaceholder=\"${ parent.decodeEntities(`Email`) } \" \r\n\t\t\t\t \r\n\t\t\t\tonBlur=${parent.handleChange} onFocus=${parent.handleChange} aria-invalid=${validation.errors['email'] ? 'true' : 'false' } \r\n\t\t\t\tref=${el=> parent.activateValidation({\"message\":\"This field is required.\",\"emailMessage\":\"Please enter a valid Email address\",\"minLength\":1,\"maxLength\":\"\",\"type\":\"none\",\"required\":true,\"expression\":\"null\"}, el)}\r\n\t\t\t\t\t\t\t\/>\r\n\r\n\t\t\t\t\t\t<${validation.ErrorMessage} \r\n\t\t\t\terrors=${validation.errors} \r\n\t\t\t\tname=\"email\" \r\n\t\t\t\tas=${html`<span className=\"mf-error-message\"><\/span>`}\r\n\t\t\t\/>\r\n\t\t\t\r\n\t\t\t\t\t<\/div>\r\n\r\n\t\t\t\t<\/div>\n\t\t\t\t<\/div>\n\t\t\t\t\t<\/div>\n\t\t\t\t<\/div>\n\t\t<div className=\"elementor-element elementor-element-f7a20f2 e-flex e-con-boxed sc_layouts_column_icons_position_left e-con e-parent\" data-id=\"f7a20f2\" data-element_type=\"container\" data-e-type=\"container\">\n\t\t\t\t\t<div className=\"e-con-inner\">\n\t\t\t\t<div className=\"elementor-element elementor-element-f866839 sc_fly_static elementor-widget elementor-widget-mf-gdpr-consent\" data-id=\"f866839\" data-element_type=\"widget\" data-e-type=\"widget\" data-settings=\"{&quot;mf_input_name&quot;:&quot;mf-gdpr-consent&quot;,&quot;mf_input_get_params_enable&quot;:&quot;no&quot;}\" data-widget_type=\"mf-gdpr-consent.default\">\n\t\t\t\t<div className=\"elementor-widget-container\">\n\t\t\t\t\t\n\t\t<div className=\"mf-input-wrapper\">\n\t\t\t\t\t\t\t<label className=\"mf-input-label\" htmlFor=\"mf-input-gdpr-f866839\">\n\t\t\t\t\t${ parent.decodeEntities(`GDPR Consent`) } \t\t\t\t\t<span className=\"mf-input-required-indicator\">*<\/span>\n\t\t\t\t<\/label>\n\t\t\t\n\t\t\t<div className=\"mf-checkbox multi-option-input-type\" id=\"mf-input-gdpr-f866839\">\n\t\t\t\t<div className=\"mf-checkbox-option\">\n\t\t\t\t\t<label>\n\t\t\t\t\t\t\t\t\t\t\t\t<input\n\t\t\t\t\t\t\ttype=\"checkbox\"\n\t\t\t\t\t\t\tclassName=\"mf-input mf-checkbox-input \"\n\t\t\t\t\t\t\tname=\"mf-gdpr-consent\"\n\t\t\t\t\t\t\t\t\t\t\t\t\t\t\tonInput=${ parent.handleOptin }\n\t\t\t\t\t\t\t\taria-invalid=${validation.errors['mf-gdpr-consent'] ? 'true' : 'false'}\n\t\t\t\t\t\t\t\tref=${ el => parent.activateValidation({\"message\":\"This field is required.\",\"minLength\":1,\"maxLength\":\"\",\"type\":\"none\",\"required\":true,\"expression\":\"null\"}, el) }\n\t\t\t\t\t\t\t\t\t\t\t\t\t\t\/>\n\t\t\t\t\t\t<span>\n\t\t\t\t\t\t\t\n  \n  Elfogadom az <a href=\"https:\/\/loudave.com\/hu\/adatvedelmi-iranyelvek\/\" target=\"_blank\" rel=\"noopener noreferrer\">adatv\u00e9delmi ir\u00e1nyelveket.<\/a>\n\n\t\t\t\t\t\t<\/span>\n\t\t\t\t\t<\/label>\n\t\t\t\t<\/div>\n\t\t\t<\/div>\n\n\t\t\t\t\t\t\t<${validation.ErrorMessage}\n\t\t\t\t\terrors=${validation.errors}\n\t\t\t\t\tname=\"mf-gdpr-consent\"\n\t\t\t\t\tas=${html`<span className=\"mf-error-message\"><\/span>`}\n\t\t\t\t\t\/>\n\t\t\t\n\t\t\t\t\t<\/div>\n\n\t\t\t\t\t\t<\/div>\n\t\t\t\t<\/div>\n\t\t\t\t<div className=\"elementor-element elementor-element-68c8e42 sc_fly_static elementor-widget elementor-widget-spacer\" data-id=\"68c8e42\" data-element_type=\"widget\" data-e-type=\"widget\" data-widget_type=\"spacer.default\">\n\t\t\t\t<div className=\"elementor-widget-container\">\n\t\t\t\t\t\t\t<div className=\"elementor-spacer\">\n\t\t\t<div className=\"elementor-spacer-inner\"><\/div>\n\t\t<\/div>\n\t\t\t\t\t\t<\/div>\n\t\t\t\t<\/div>\n\t\t\t\t\t<\/div>\n\t\t\t\t<\/div>\n\t\t<div className=\"elementor-element elementor-element-000982f e-flex e-con-boxed sc_layouts_column_icons_position_left e-con e-parent\" data-id=\"000982f\" data-element_type=\"container\" data-e-type=\"container\">\n\t\t\t\t\t<div className=\"e-con-inner\">\n\t\t\t\t<div className=\"elementor-element elementor-element-c74d102 mf-btn--left sc_fly_static elementor-widget elementor-widget-mf-button\" data-id=\"c74d102\" data-element_type=\"widget\" data-e-type=\"widget\" data-widget_type=\"mf-button.default\">\n\t\t\t\t<div className=\"elementor-widget-container\">\n\t\t\t\t\t\t\t<div className=\"mf-btn-wraper \" data-mf-form-conditional-logic-requirement=\"\">\r\n\t\t\t\t\t\t\t<button type=\"submit\" className=\"metform-btn metform-submit-btn \" id=\"\">\r\n\t\t\t\t\t<span>${ parent.decodeEntities(`Igen, k\u00e9rem!`) } <\/span>\r\n\t\t\t\t<\/button>\r\n\t\t\t        <\/div>\r\n        \t\t\t\t<\/div>\n\t\t\t\t<\/div>\n\t\t\t\t\t<\/div>\n\t\t\t\t<\/div>\n\t\t\t\t<\/div>\n\t\t\t\t\t\t\t`}\r\n\t\t\t\t\t<\/div>\r\n\r\n\t\t\t\t\t${is_dummy_markup ? message_position === 'bottom' ? props.ResponseDummyMarkup(message_successIcon, message_proClass) : '' : ''}\r\n\t\t\t\t\t${is_dummy_markup ? ' ' : message_position === 'bottom' ? props.SubmitResponseMarkup`${parent}${state}${message_successIcon}${message_errorIcon}${message_proClass}` : ''}\r\n\t\t\t\t\r\n\t\t\t\t<\/form>\r\n\t\t\t`\r\n\t\t<\/script>\r\n\r\n\t\t<\/div>\t\t\t\t<\/div>\n\t\t\t\t<\/div>\n\t\t\t\t<\/div>\n\t\t<div class=\"e-con-gap-no elementor-element elementor-element-2bd0cf58 e-con-full e-flex sc_layouts_column_icons_position_left e-con e-child\" data-id=\"2bd0cf58\" data-element_type=\"container\" data-e-type=\"container\">\n\t\t\t\t<\/div>\n\t\t<div class=\"e-con-gap-no elementor-element elementor-element-20838a38 e-con-full e-flex sc_layouts_column_icons_position_left e-con e-child\" data-id=\"20838a38\" data-element_type=\"container\" data-e-type=\"container\">\n\t\t\t\t<\/div>\n\t\t<div class=\"e-con-gap-no elementor-element elementor-element-480ac317 e-con-full e-flex sc_layouts_column_icons_position_left e-con e-child\" data-id=\"480ac317\" data-element_type=\"container\" data-e-type=\"container\">\n\t\t\t\t<\/div>\n\t\t<div class=\"e-con-gap-no elementor-element elementor-element-329d0b18 e-con-full e-flex sc_layouts_column_icons_position_left e-con e-child\" data-id=\"329d0b18\" data-element_type=\"container\" data-e-type=\"container\">\n\t\t\t\t<\/div>\n\t\t\t\t\t<\/div>\n\t\t\t\t<\/div>\n\t\t\t\t<\/div>\n\t\t","protected":false},"excerpt":{"rendered":"<p>Ez a vide\u00f3 csak 2 perc! &#8211; \u00e9s a v\u00e9g\u00e9n megkapod a saj\u00e1t&hellip;<\/p>\n","protected":false},"author":1,"featured_media":5846,"parent":0,"menu_order":0,"comment_status":"closed","ping_status":"closed","template":"","meta":{"_monsterinsights_skip_tracking":false,"_monsterinsights_sitenote_active":false,"_monsterinsights_sitenote_note":"","_monsterinsights_sitenote_category":0,"footnotes":""},"class_list":["post-5722","page","type-page","status-publish","has-post-thumbnail","hentry"],"_links":{"self":[{"href":"https:\/\/loudave.com\/hu\/wp-json\/wp\/v2\/pages\/5722","targetHints":{"allow":["GET"]}}],"collection":[{"href":"https:\/\/loudave.com\/hu\/wp-json\/wp\/v2\/pages"}],"about":[{"href":"https:\/\/loudave.com\/hu\/wp-json\/wp\/v2\/types\/page"}],"author":[{"embeddable":true,"href":"https:\/\/loudave.com\/hu\/wp-json\/wp\/v2\/users\/1"}],"replies":[{"embeddable":true,"href":"https:\/\/loudave.com\/hu\/wp-json\/wp\/v2\/comments?post=5722"}],"version-history":[{"count":128,"href":"https:\/\/loudave.com\/hu\/wp-json\/wp\/v2\/pages\/5722\/revisions"}],"predecessor-version":[{"id":7333,"href":"https:\/\/loudave.com\/hu\/wp-json\/wp\/v2\/pages\/5722\/revisions\/7333"}],"wp:featuredmedia":[{"embeddable":true,"href":"https:\/\/loudave.com\/hu\/wp-json\/wp\/v2\/media\/5846"}],"wp:attachment":[{"href":"https:\/\/loudave.com\/hu\/wp-json\/wp\/v2\/media?parent=5722"}],"curies":[{"name":"wp","href":"https:\/\/api.w.org\/{rel}","templated":true}]}}