{"id":4701,"date":"2025-06-03T15:01:55","date_gmt":"2025-06-03T15:01:55","guid":{"rendered":"https:\/\/loudave.com\/impressum\/"},"modified":"2026-03-10T20:00:30","modified_gmt":"2026-03-10T20:00:30","slug":"impressum","status":"publish","type":"page","link":"https:\/\/loudave.com\/de\/impressum\/","title":{"rendered":"Impressum"},"content":{"rendered":"\t\t<div data-elementor-type=\"wp-page\" data-elementor-id=\"4701\" class=\"elementor elementor-4701 elementor-3911\">\n\t\t\t\t<div class=\"elementor-element elementor-element-5718cb04 e-flex e-con-boxed sc_layouts_column_icons_position_left e-con e-parent\" data-id=\"5718cb04\" data-element_type=\"container\" data-e-type=\"container\">\n\t\t\t\t\t<div class=\"e-con-inner\">\n\t\t\t\t<div class=\"elementor-element elementor-element-53b852f2 sc_fly_static elementor-widget elementor-widget-text-editor\" data-id=\"53b852f2\" data-element_type=\"widget\" data-e-type=\"widget\" data-widget_type=\"text-editor.default\">\n\t\t\t\t<div class=\"elementor-widget-container\">\n\t\t\t\t\t\t\t\t\t<div><div class=\"relative font-sans text-base text-foreground selection:bg-super\/50 selection:text-foreground dark:selection:bg-super\/10 dark:selection:text-super\"><div class=\"min-w-0 break-words [word-break:break-word]\"><div id=\"markdown-content-16\" class=\"gap-y-md after:clear-both after:block after:content-['']\" dir=\"auto\"><div class=\"has-inline-images my-2 first:mt-0 [&amp;:has([data-inline-type=image])+&amp;:has([data-inline-type=image])_[data-inline-type=image]]:hidden [&amp;:has(table)_[data-inline-type=image]]:hidden\"><div><div><div class=\"prose dark:prose-invert inline leading-relaxed break-words min-w-0 [word-break:break-word] prose-strong:font-bold [&amp;_&gt;*:first-child]:mt-0 [&amp;_&gt;*:last-child]:mb-0\"><p class=\"my-2 [&amp;+p]:mt-4 [&amp;_strong:has(+br)]:inline-block [&amp;_strong:has(+br)]:pb-2\"><strong>Impressum \/ Informationen gem\u00e4\u00df \u00a7 5 ECG und \u00a7 24 Mediengesetz<\/strong><\/p><p class=\"my-2 [&amp;+p]:mt-4 [&amp;_strong:has(+br)]:inline-block [&amp;_strong:has(+br)]:pb-2\">Verantwortlich f\u00fcr diese Website (Medieninhaber und Diensteanbieter):<\/p><p class=\"my-2 [&amp;+p]:mt-4 [&amp;_strong:has(+br)]:inline-block [&amp;_strong:has(+br)]:pb-2\">David K\u00fcrthy \u2013 LOUDave Media<br \/>6290 Mayrhofen, \u00d6sterreich<\/p><p class=\"my-2 [&amp;+p]:mt-4 [&amp;_strong:has(+br)]:inline-block [&amp;_strong:has(+br)]:pb-2\">Kontakt:<br \/>E-Mail: <a class=\"reset interactable cursor-pointer decoration-1 underline-offset-1 text-super hover:underline font-semibold\" href=\"mailto:contact@loudave.com\" target=\"_blank\" rel=\"nofollow noopener\"><span class=\"text-box-trim-both\">contact@loudave.com<\/span><\/a><br \/>Telefon: +436641110618<\/p><p class=\"my-2 [&amp;+p]:mt-4 [&amp;_strong:has(+br)]:inline-block [&amp;_strong:has(+br)]:pb-2\">Kammermitgliedschaft:<br \/>Mitglied der Wirtschaftskammer \u00d6sterreich (WKO), Fachgruppe Werbung und Marktkommunikation, Tirol<\/p><p class=\"my-2 [&amp;+p]:mt-4 [&amp;_strong:has(+br)]:inline-block [&amp;_strong:has(+br)]:pb-2\">Zust\u00e4ndige Gewerbebeh\u00f6rde:<br \/>Bezirkshauptmannschaft Innsbruck<\/p><p class=\"my-2 [&amp;+p]:mt-4 [&amp;_strong:has(+br)]:inline-block [&amp;_strong:has(+br)]:pb-2\">Anwendbare Rechtsvorschriften:<br \/>\u00d6sterreichische Gewerbeordnung (GewO), E-Commerce-Gesetz (ECG), Mediengesetz (MedienG), Konsumentenschutzgesetz (KSchG); abrufbar unter <a class=\"reset interactable cursor-pointer decoration-1 underline-offset-1 text-super hover:underline font-semibold\" href=\"http:\/\/www.ris.bka.gv.at\" target=\"_blank\" rel=\"nofollow noopener\"><span class=\"text-box-trim-both\">www.ris.bka.gv.at<\/span><\/a><\/p><p class=\"my-2 [&amp;+p]:mt-4 [&amp;_strong:has(+br)]:inline-block [&amp;_strong:has(+br)]:pb-2\">Zweck der Website:<br \/>Pr\u00e4sentation und Angebot von Dienstleistungen in den Bereichen Video Influencing, Suchmaschinenoptimierung (SEO), Google Ads, Google My Business (GMB) Optimierung, Social-Media-Strategie und Videoerstellung f\u00fcr Unternehmen und Unternehmer:innen.<\/p><p class=\"my-2 [&amp;+p]:mt-4 [&amp;_strong:has(+br)]:inline-block [&amp;_strong:has(+br)]:pb-2\">Haftungsausschluss:<br \/>Alle Inhalte dieser Website wurden mit gr\u00f6\u00dftm\u00f6glicher Sorgfalt und nach bestem Wissen erstellt. Dennoch \u00fcbernehmen wir keine Haftung f\u00fcr die Richtigkeit, Vollst\u00e4ndigkeit und Aktualit\u00e4t der bereitgestellten Informationen. Diese Website enth\u00e4lt Links zu externen Websites Dritter, auf deren Inhalte wir keinen Einfluss haben. F\u00fcr die Inhalte der verlinkten Seiten ist ausschlie\u00dflich der jeweilige Anbieter oder Betreiber verantwortlich. Bei Bekanntwerden von Rechtsverletzungen werden entsprechende Links umgehend entfernt.<\/p><p class=\"my-2 [&amp;+p]:mt-4 [&amp;_strong:has(+br)]:inline-block [&amp;_strong:has(+br)]:pb-2\">Urheberrecht:<br \/>Alle Inhalte, Designs, Bilder, Videos und Texte auf dieser Website unterliegen dem Urheberrecht. Jede Nutzung, Vervielf\u00e4ltigung, Bearbeitung oder Verbreitung au\u00dferhalb der gesetzlichen Grenzen des Urheberrechts bedarf der vorherigen schriftlichen Zustimmung des jeweiligen Rechteinhabers.<\/p><p class=\"my-2 [&amp;+p]:mt-4 [&amp;_strong:has(+br)]:inline-block [&amp;_strong:has(+br)]:pb-2\">Online-Streitbeilegung \/ Verbraucherschlichtung:<br \/>Plattform der EU-Kommission zur Online-Streitbeilegung: <a class=\"reset interactable cursor-pointer decoration-1 underline-offset-1 text-super hover:underline font-semibold\" href=\"https:\/\/ec.europa.eu\/consumers\/odr\" target=\"_blank\" rel=\"nofollow noopener\"><span class=\"text-box-trim-both\">https:\/\/ec.europa.eu\/consumers\/odr<\/span><\/a><br \/>Wir sind nicht verpflichtet und nicht bereit, an einem Streitbeilegungsverfahren vor einer Verbraucherschlichtungsstelle teilzunehmen.<\/p><p class=\"my-2 [&amp;+p]:mt-4 [&amp;_strong:has(+br)]:inline-block [&amp;_strong:has(+br)]:pb-2\">Kontakt:<br \/>David K\u00fcrthy \/ LOUDave Media<br \/>6290 Mayrhofen, \u00d6sterreich<br \/>E-Mail: <a class=\"reset interactable cursor-pointer decoration-1 underline-offset-1 text-super hover:underline font-semibold\" href=\"mailto:contact@loudave.com\" target=\"_blank\" rel=\"nofollow noopener\"><span class=\"text-box-trim-both\">contact@loudave.com<\/span><\/a><br \/>Telefon: +436641110618<\/p><\/div><\/div><\/div><\/div><\/div><\/div><\/div><\/div><div class=\"flex items-center justify-between\"><div class=\"-ml-sm gap-xs flex flex-shrink-0 items-center\">\u00a0<\/div><div class=\"gap-x-xs flex flex-shrink-0 items-center\"><div><div class=\"border-subtlest ring-subtlest divide-subtlest flex items-center gap-xs\">\u00a0<\/div><\/div><\/div><\/div>\t\t\t\t\t\t\t\t<\/div>\n\t\t\t\t<\/div>\n\t\t\t\t\t<\/div>\n\t\t\t\t<\/div>\n\t\t\t\t<\/div>\n\t\t","protected":false},"excerpt":{"rendered":"<p>Impressum \/ Informationen gem\u00e4\u00df \u00a7 5 ECG und \u00a7 24 Mediengesetz Verantwortlich f\u00fcr&hellip;<\/p>\n","protected":false},"author":1,"featured_media":0,"parent":0,"menu_order":0,"comment_status":"closed","ping_status":"closed","template":"","meta":{"_monsterinsights_skip_tracking":false,"_monsterinsights_sitenote_active":false,"_monsterinsights_sitenote_note":"","_monsterinsights_sitenote_category":0,"footnotes":""},"class_list":["post-4701","page","type-page","status-publish","hentry"],"_links":{"self":[{"href":"https:\/\/loudave.com\/de\/wp-json\/wp\/v2\/pages\/4701","targetHints":{"allow":["GET"]}}],"collection":[{"href":"https:\/\/loudave.com\/de\/wp-json\/wp\/v2\/pages"}],"about":[{"href":"https:\/\/loudave.com\/de\/wp-json\/wp\/v2\/types\/page"}],"author":[{"embeddable":true,"href":"https:\/\/loudave.com\/de\/wp-json\/wp\/v2\/users\/1"}],"replies":[{"embeddable":true,"href":"https:\/\/loudave.com\/de\/wp-json\/wp\/v2\/comments?post=4701"}],"version-history":[{"count":4,"href":"https:\/\/loudave.com\/de\/wp-json\/wp\/v2\/pages\/4701\/revisions"}],"predecessor-version":[{"id":8025,"href":"https:\/\/loudave.com\/de\/wp-json\/wp\/v2\/pages\/4701\/revisions\/8025"}],"wp:attachment":[{"href":"https:\/\/loudave.com\/de\/wp-json\/wp\/v2\/media?parent=4701"}],"curies":[{"name":"wp","href":"https:\/\/api.w.org\/{rel}","templated":true}]}}