{"id":4699,"date":"2025-06-30T19:11:49","date_gmt":"2025-06-30T19:11:49","guid":{"rendered":"https:\/\/loudave.com\/offenlegung-von-partnerprogrammen\/"},"modified":"2025-07-09T17:52:32","modified_gmt":"2025-07-09T17:52:32","slug":"offenlegung-von-partnerprogrammen","status":"publish","type":"page","link":"https:\/\/loudave.com\/de\/offenlegung-von-partnerprogrammen\/","title":{"rendered":"Offenlegung von Partnerprogrammen"},"content":{"rendered":"\t\t<div data-elementor-type=\"wp-page\" data-elementor-id=\"4699\" class=\"elementor elementor-4699 elementor-4329\">\n\t\t\t\t<div class=\"elementor-element elementor-element-5718cb04 e-flex e-con-boxed sc_layouts_column_icons_position_left e-con e-parent\" data-id=\"5718cb04\" data-element_type=\"container\" data-e-type=\"container\">\n\t\t\t\t\t<div class=\"e-con-inner\">\n\t\t\t\t<div class=\"elementor-element elementor-element-53b852f2 sc_fly_static elementor-widget elementor-widget-text-editor\" data-id=\"53b852f2\" data-element_type=\"widget\" data-e-type=\"widget\" data-widget_type=\"text-editor.default\">\n\t\t\t\t<div class=\"elementor-widget-container\">\n\t\t\t\t\t\t\t\t\t<p><em>Zuletzt aktualisiert: Juni 2025<\/em><\/p><p>Diese Website kann Affiliate-Links enthalten, einschlie\u00dflich, aber nicht beschr\u00e4nkt auf Links, die zu Amazon.com, Amazon.de und anderen Amazon-Marktpl\u00e4tzen f\u00fchren. Als Amazon Associate verdiene ich an qualifizierten K\u00e4ufen. <\/p><p>Wenn Sie auf einen Produktlink auf dieser Website klicken und etwas kaufen, erhalte ich m\u00f6glicherweise eine kleine Provision &#8211; ohne zus\u00e4tzliche Kosten f\u00fcr Sie. Diese Provisionen helfen, den Inhalt, die Pflege und die Weiterentwicklung dieser Website zu unterst\u00fctzen. <\/p><p><strong>Warum verwenden wir Affiliate-Links?<\/strong>  Partnerlinks erm\u00f6glichen es uns, Produkte und Dienstleistungen zu empfehlen, die wir wirklich n\u00fctzlich oder wertvoll finden, und gleichzeitig eine kleine Verg\u00fctung f\u00fcr die Zeit und M\u00fche zu erhalten, die wir in die Zusammenstellung dieser Inhalte investieren. Unser Ziel ist es, ehrlichen, informativen und transparenten Empfehlungen stets den Vorzug zu geben. <\/p><p><strong>Was bedeutet das f\u00fcr Sie?<\/strong><\/p><ul data-spread=\"false\"><li><p>Sie zahlen den gleichen Preis f\u00fcr das Produkt &#8211; es fallen keine zus\u00e4tzlichen Kosten f\u00fcr die Verwendung eines Affiliate-Links an.<\/p><\/li><li><p>Die Nutzung dieser Links unterst\u00fctzt unsere Plattform und erm\u00f6glicht es uns, weiterhin n\u00fctzliche Inhalte zu erstellen.<\/p><\/li><li><p>Wir empfehlen nur Produkte, die wir entweder selbst verwenden oder gr\u00fcndlich recherchiert haben.<\/p><\/li><\/ul><p><strong>Amazon Disclaimer<\/strong> LOUDave (Betreiber dieser Website) ist Teilnehmer des Amazon Services LLC Associates Program, einem Partnerwerbeprogramm, das zur Bereitstellung eines Mediums f\u00fcr Websites konzipiert wurde, mittels dessen durch die Platzierung von Werbeanzeigen und Links zu Amazon.com und anderen Websites Werbekostenerstattungen verdient werden k\u00f6nnen.<\/p><p><strong>Transparenz ist uns wichtig<\/strong>. Wir glauben an die Offenheit gegen\u00fcber unserem Publikum. Sollten Sie jemals Fragen oder Bedenken bez\u00fcglich der Verwendung von Affiliate-Links auf dieser Website haben, k\u00f6nnen Sie uns gerne direkt kontaktieren. <\/p><p>Danke, dass Sie diese Website unterst\u00fctzen!<\/p>\t\t\t\t\t\t\t\t<\/div>\n\t\t\t\t<\/div>\n\t\t\t\t\t<\/div>\n\t\t\t\t<\/div>\n\t\t\t\t<\/div>\n\t\t","protected":false},"excerpt":{"rendered":"<p>Zuletzt aktualisiert: Juni 2025 Diese Website kann Affiliate-Links enthalten, einschlie\u00dflich, aber nicht beschr\u00e4nkt&hellip;<\/p>\n","protected":false},"author":1,"featured_media":0,"parent":0,"menu_order":0,"comment_status":"closed","ping_status":"closed","template":"","meta":{"_monsterinsights_skip_tracking":false,"_monsterinsights_sitenote_active":false,"_monsterinsights_sitenote_note":"","_monsterinsights_sitenote_category":0,"footnotes":""},"class_list":["post-4699","page","type-page","status-publish","hentry"],"_links":{"self":[{"href":"https:\/\/loudave.com\/de\/wp-json\/wp\/v2\/pages\/4699","targetHints":{"allow":["GET"]}}],"collection":[{"href":"https:\/\/loudave.com\/de\/wp-json\/wp\/v2\/pages"}],"about":[{"href":"https:\/\/loudave.com\/de\/wp-json\/wp\/v2\/types\/page"}],"author":[{"embeddable":true,"href":"https:\/\/loudave.com\/de\/wp-json\/wp\/v2\/users\/1"}],"replies":[{"embeddable":true,"href":"https:\/\/loudave.com\/de\/wp-json\/wp\/v2\/comments?post=4699"}],"version-history":[{"count":1,"href":"https:\/\/loudave.com\/de\/wp-json\/wp\/v2\/pages\/4699\/revisions"}],"predecessor-version":[{"id":4700,"href":"https:\/\/loudave.com\/de\/wp-json\/wp\/v2\/pages\/4699\/revisions\/4700"}],"wp:attachment":[{"href":"https:\/\/loudave.com\/de\/wp-json\/wp\/v2\/media?parent=4699"}],"curies":[{"name":"wp","href":"https:\/\/api.w.org\/{rel}","templated":true}]}}